{"id":1448,"date":"2021-09-29T08:36:32","date_gmt":"2021-09-29T08:36:32","guid":{"rendered":"https:\/\/www.cmmost21.uva.es\/?page_id=1448"},"modified":"2021-09-29T08:46:31","modified_gmt":"2021-09-29T08:46:31","slug":"registro-2","status":"publish","type":"page","link":"https:\/\/www.cmmost21.uva.es\/en\/registro-2\/","title":{"rendered":"Registration"},"content":{"rendered":"<div data-elementor-type=\"wp-page\" data-elementor-id=\"1448\" class=\"elementor elementor-1448\">\n\t\t\t\t\t\t<section class=\"elementor-section elementor-top-section elementor-element elementor-element-e934b70 elementor-section-boxed elementor-section-height-default elementor-section-height-default\" data-id=\"e934b70\" data-element_type=\"section\">\n\t\t\t\t\t\t<div class=\"elementor-container elementor-column-gap-default\">\n\t\t\t\t\t<div class=\"elementor-column elementor-col-100 elementor-top-column elementor-element elementor-element-be3ce3c\" data-id=\"be3ce3c\" data-element_type=\"column\">\n\t\t\t<div class=\"elementor-widget-wrap elementor-element-populated\">\n\t\t\t\t\t\t<div class=\"elementor-element elementor-element-f8c4c8f elementor-widget elementor-widget-heading\" data-id=\"f8c4c8f\" data-element_type=\"widget\" data-widget_type=\"heading.default\">\n\t\t\t\t<div class=\"elementor-widget-container\">\n\t\t\t\t\t<h2 class=\"elementor-heading-title elementor-size-large\">Registration<\/h2>\t\t\t\t<\/div>\n\t\t\t\t<\/div>\n\t\t\t\t<div class=\"elementor-element elementor-element-b35603c elementor-widget elementor-widget-text-editor\" data-id=\"b35603c\" data-element_type=\"widget\" data-widget_type=\"text-editor.default\">\n\t\t\t\t<div class=\"elementor-widget-container\">\n\t\t\t\t\t\t\t\t\t<p class=\"MsoNormal translation-block\">Participant registration for the conference is now open through the <a href=\"https:\/\/eventos.uva.es\/70667\/detail\/6th-international-conference-on-mechanical-models-in-structural-engineering-cmmost-2021.html\" target=\"_self\" rel=\"noopener\"><em><strong> UVa-EVENTOS <\/strong> <\/em> <\/a> website. Please click in <a href=\"https:\/\/eventos.uva.es\/70667\/tickets\/6th-international-conference-on-mechanical-models-in-structural-engineering-cmmost-2021.html\" target=\"_self\" rel=\"noopener\">  this link <\/a> for your registration.<\/p>\n<p class=\"MsoNormal translation-block\">Have a look at the <a href=\"https:\/\/www.cmmost21.uva.es\/en\/participacion\/inscrip\/tasas\/\" target=\"_self\"> <em> <strong> CONFERENCE FEES<\/strong> <\/em> <\/a> and choose your preferences.<\/p>\n<p class=\"MsoNormal translation-block\"><b>Important:<\/b> Accepted authors have to register as participants if they want to present their paper at the conference. Organizing committee will withdraw papers by non-registered authors after the due date.<\/p>\t\t\t\t\t\t\t\t<\/div>\n\t\t\t\t<\/div>\n\t\t\t\t\t<\/div>\n\t\t<\/div>\n\t\t\t\t\t<\/div>\n\t\t<\/section>\n\t\t\t\t<\/div>","protected":false},"excerpt":{"rendered":"<p>Registro Se abre el registro a trav\u00e9s de la plataforma EVENTOS de la Universidad de Valladolid. Por favor, accede a este enlace para hacer tu registro. Consulta en el apartado TASAS tu opci\u00f3n e introduce los datos solicitados. Importante:Los ponentes deben registrarse como participantes para poder presentar su trabajo.Seg\u00fan la pol\u00edtica de la organizaci\u00f3n se [&hellip;]<\/p>","protected":false},"author":1,"featured_media":0,"parent":0,"menu_order":0,"comment_status":"closed","ping_status":"closed","template":"","meta":{"site-sidebar-layout":"no-sidebar","site-content-layout":"page-builder","ast-site-content-layout":"default","site-content-style":"default","site-sidebar-style":"default","ast-global-header-display":"","ast-banner-title-visibility":"","ast-main-header-display":"","ast-hfb-above-header-display":"","ast-hfb-below-header-display":"","ast-hfb-mobile-header-display":"","site-post-title":"disabled","ast-breadcrumbs-content":"","ast-featured-img":"disabled","footer-sml-layout":"","ast-disable-related-posts":"","theme-transparent-header-meta":"default","adv-header-id-meta":"","stick-header-meta":"","header-above-stick-meta":"","header-main-stick-meta":"","header-below-stick-meta":"","astra-migrate-meta-layouts":"default","ast-page-background-enabled":"default","ast-page-background-meta":{"desktop":{"background-color":"","background-image":"","background-repeat":"repeat","background-position":"center center","background-size":"auto","background-attachment":"scroll","background-type":"","background-media":"","overlay-type":"","overlay-color":"","overlay-opacity":"","overlay-gradient":""},"tablet":{"background-color":"","background-image":"","background-repeat":"repeat","background-position":"center center","background-size":"auto","background-attachment":"scroll","background-type":"","background-media":"","overlay-type":"","overlay-color":"","overlay-opacity":"","overlay-gradient":""},"mobile":{"background-color":"","background-image":"","background-repeat":"repeat","background-position":"center center","background-size":"auto","background-attachment":"scroll","background-type":"","background-media":"","overlay-type":"","overlay-color":"","overlay-opacity":"","overlay-gradient":""}},"ast-content-background-meta":{"desktop":{"background-color":"var(--ast-global-color-5)","background-image":"","background-repeat":"repeat","background-position":"center center","background-size":"auto","background-attachment":"scroll","background-type":"","background-media":"","overlay-type":"","overlay-color":"","overlay-opacity":"","overlay-gradient":""},"tablet":{"background-color":"var(--ast-global-color-5)","background-image":"","background-repeat":"repeat","background-position":"center center","background-size":"auto","background-attachment":"scroll","background-type":"","background-media":"","overlay-type":"","overlay-color":"","overlay-opacity":"","overlay-gradient":""},"mobile":{"background-color":"var(--ast-global-color-5)","background-image":"","background-repeat":"repeat","background-position":"center center","background-size":"auto","background-attachment":"scroll","background-type":"","background-media":"","overlay-type":"","overlay-color":"","overlay-opacity":"","overlay-gradient":""}},"footnotes":""},"class_list":["post-1448","page","type-page","status-publish","hentry"],"yoast_head":"<!-- This site is optimized with the Yoast SEO plugin v27.5 - https:\/\/yoast.com\/product\/yoast-seo-wordpress\/ -->\n<title>Registro - CMMoST 2021 - 6\u00aa Conferencia Internacional sobre Modelos Mec\u00e1nicos en Ingenier\u00eda Estructural<\/title>\n<meta name=\"robots\" content=\"index, follow, max-snippet:-1, max-image-preview:large, max-video-preview:-1\" \/>\n<link rel=\"canonical\" href=\"https:\/\/www.cmmost21.uva.es\/en\/registro-2\/\" \/>\n<meta property=\"og:locale\" content=\"en_GB\" \/>\n<meta property=\"og:type\" content=\"article\" \/>\n<meta property=\"og:title\" content=\"Registro - CMMoST 2021 - 6\u00aa Conferencia Internacional sobre Modelos Mec\u00e1nicos en Ingenier\u00eda Estructural\" \/>\n<meta property=\"og:description\" content=\"Registro Se abre el registro a trav\u00e9s de la plataforma EVENTOS de la Universidad de Valladolid. Por favor, accede a este enlace para hacer tu registro. Consulta en el apartado TASAS tu opci\u00f3n e introduce los datos solicitados. Importante:Los ponentes deben registrarse como participantes para poder presentar su trabajo.Seg\u00fan la pol\u00edtica de la organizaci\u00f3n se [&hellip;]\" \/>\n<meta property=\"og:url\" content=\"https:\/\/www.cmmost21.uva.es\/en\/registro-2\/\" \/>\n<meta property=\"og:site_name\" content=\"CMMoST 2021 - 6\u00aa Conferencia Internacional sobre Modelos Mec\u00e1nicos en Ingenier\u00eda Estructural\" \/>\n<meta property=\"article:modified_time\" content=\"2021-09-29T08:46:31+00:00\" \/>\n<meta name=\"twitter:card\" content=\"summary_large_image\" \/>\n<meta name=\"twitter:label1\" content=\"Estimated reading time\" \/>\n\t<meta name=\"twitter:data1\" content=\"1 minute\" \/>\n<script type=\"application\/ld+json\" class=\"yoast-schema-graph\">{\"@context\":\"https:\\\/\\\/schema.org\",\"@graph\":[{\"@type\":\"WebPage\",\"@id\":\"https:\\\/\\\/www.cmmost21.uva.es\\\/en\\\/registro-2\\\/\",\"url\":\"https:\\\/\\\/www.cmmost21.uva.es\\\/en\\\/registro-2\\\/\",\"name\":\"Registro - CMMoST 2021 - 6\u00aa Conferencia Internacional sobre Modelos Mec\u00e1nicos en Ingenier\u00eda Estructural\",\"isPartOf\":{\"@id\":\"https:\\\/\\\/www.cmmost21.uva.es\\\/#website\"},\"datePublished\":\"2021-09-29T08:36:32+00:00\",\"dateModified\":\"2021-09-29T08:46:31+00:00\",\"breadcrumb\":{\"@id\":\"https:\\\/\\\/www.cmmost21.uva.es\\\/en\\\/registro-2\\\/#breadcrumb\"},\"inLanguage\":\"en-GB\",\"potentialAction\":[{\"@type\":\"ReadAction\",\"target\":[\"https:\\\/\\\/www.cmmost21.uva.es\\\/en\\\/registro-2\\\/\"]}]},{\"@type\":\"BreadcrumbList\",\"@id\":\"https:\\\/\\\/www.cmmost21.uva.es\\\/en\\\/registro-2\\\/#breadcrumb\",\"itemListElement\":[{\"@type\":\"ListItem\",\"position\":1,\"name\":\"Portada\",\"item\":\"https:\\\/\\\/www.cmmost21.uva.es\\\/\"},{\"@type\":\"ListItem\",\"position\":2,\"name\":\"Registro\"}]},{\"@type\":\"WebSite\",\"@id\":\"https:\\\/\\\/www.cmmost21.uva.es\\\/#website\",\"url\":\"https:\\\/\\\/www.cmmost21.uva.es\\\/\",\"name\":\"CMMoST21\",\"description\":\"CMMoST 2021\",\"publisher\":{\"@id\":\"https:\\\/\\\/www.cmmost21.uva.es\\\/#organization\"},\"potentialAction\":[{\"@type\":\"SearchAction\",\"target\":{\"@type\":\"EntryPoint\",\"urlTemplate\":\"https:\\\/\\\/www.cmmost21.uva.es\\\/?s={search_term_string}\"},\"query-input\":{\"@type\":\"PropertyValueSpecification\",\"valueRequired\":true,\"valueName\":\"search_term_string\"}}],\"inLanguage\":\"en-GB\"},{\"@type\":\"Organization\",\"@id\":\"https:\\\/\\\/www.cmmost21.uva.es\\\/#organization\",\"name\":\"CMMoST21\",\"url\":\"https:\\\/\\\/www.cmmost21.uva.es\\\/\",\"logo\":{\"@type\":\"ImageObject\",\"inLanguage\":\"en-GB\",\"@id\":\"https:\\\/\\\/www.cmmost21.uva.es\\\/#\\\/schema\\\/logo\\\/image\\\/\",\"url\":\"https:\\\/\\\/www.cmmost21.uva.es\\\/wp-content\\\/uploads\\\/2021\\\/03\\\/cropped-cropped-logo21.jpg\",\"contentUrl\":\"https:\\\/\\\/www.cmmost21.uva.es\\\/wp-content\\\/uploads\\\/2021\\\/03\\\/cropped-cropped-logo21.jpg\",\"width\":1368,\"height\":290,\"caption\":\"CMMoST21\"},\"image\":{\"@id\":\"https:\\\/\\\/www.cmmost21.uva.es\\\/#\\\/schema\\\/logo\\\/image\\\/\"}}]}<\/script>\n<!-- \/ Yoast SEO plugin. -->","yoast_head_json":{"title":"Registro - CMMoST 2021 - 6\u00aa Conferencia Internacional sobre Modelos Mec\u00e1nicos en Ingenier\u00eda Estructural","robots":{"index":"index","follow":"follow","max-snippet":"max-snippet:-1","max-image-preview":"max-image-preview:large","max-video-preview":"max-video-preview:-1"},"canonical":"https:\/\/www.cmmost21.uva.es\/en\/registro-2\/","og_locale":"en_GB","og_type":"article","og_title":"Registro - CMMoST 2021 - 6\u00aa Conferencia Internacional sobre Modelos Mec\u00e1nicos en Ingenier\u00eda Estructural","og_description":"Registro Se abre el registro a trav\u00e9s de la plataforma EVENTOS de la Universidad de Valladolid. Por favor, accede a este enlace para hacer tu registro. Consulta en el apartado TASAS tu opci\u00f3n e introduce los datos solicitados. Importante:Los ponentes deben registrarse como participantes para poder presentar su trabajo.Seg\u00fan la pol\u00edtica de la organizaci\u00f3n se [&hellip;]","og_url":"https:\/\/www.cmmost21.uva.es\/en\/registro-2\/","og_site_name":"CMMoST 2021 - 6\u00aa Conferencia Internacional sobre Modelos Mec\u00e1nicos en Ingenier\u00eda Estructural","article_modified_time":"2021-09-29T08:46:31+00:00","twitter_card":"summary_large_image","twitter_misc":{"Estimated reading time":"1 minute"},"schema":{"@context":"https:\/\/schema.org","@graph":[{"@type":"WebPage","@id":"https:\/\/www.cmmost21.uva.es\/en\/registro-2\/","url":"https:\/\/www.cmmost21.uva.es\/en\/registro-2\/","name":"Registro - CMMoST 2021 - 6\u00aa Conferencia Internacional sobre Modelos Mec\u00e1nicos en Ingenier\u00eda Estructural","isPartOf":{"@id":"https:\/\/www.cmmost21.uva.es\/#website"},"datePublished":"2021-09-29T08:36:32+00:00","dateModified":"2021-09-29T08:46:31+00:00","breadcrumb":{"@id":"https:\/\/www.cmmost21.uva.es\/en\/registro-2\/#breadcrumb"},"inLanguage":"en-GB","potentialAction":[{"@type":"ReadAction","target":["https:\/\/www.cmmost21.uva.es\/en\/registro-2\/"]}]},{"@type":"BreadcrumbList","@id":"https:\/\/www.cmmost21.uva.es\/en\/registro-2\/#breadcrumb","itemListElement":[{"@type":"ListItem","position":1,"name":"Portada","item":"https:\/\/www.cmmost21.uva.es\/"},{"@type":"ListItem","position":2,"name":"Registro"}]},{"@type":"WebSite","@id":"https:\/\/www.cmmost21.uva.es\/#website","url":"https:\/\/www.cmmost21.uva.es\/","name":"CMMoST21","description":"CMMoST 2021","publisher":{"@id":"https:\/\/www.cmmost21.uva.es\/#organization"},"potentialAction":[{"@type":"SearchAction","target":{"@type":"EntryPoint","urlTemplate":"https:\/\/www.cmmost21.uva.es\/?s={search_term_string}"},"query-input":{"@type":"PropertyValueSpecification","valueRequired":true,"valueName":"search_term_string"}}],"inLanguage":"en-GB"},{"@type":"Organization","@id":"https:\/\/www.cmmost21.uva.es\/#organization","name":"CMMoST21","url":"https:\/\/www.cmmost21.uva.es\/","logo":{"@type":"ImageObject","inLanguage":"en-GB","@id":"https:\/\/www.cmmost21.uva.es\/#\/schema\/logo\/image\/","url":"https:\/\/www.cmmost21.uva.es\/wp-content\/uploads\/2021\/03\/cropped-cropped-logo21.jpg","contentUrl":"https:\/\/www.cmmost21.uva.es\/wp-content\/uploads\/2021\/03\/cropped-cropped-logo21.jpg","width":1368,"height":290,"caption":"CMMoST21"},"image":{"@id":"https:\/\/www.cmmost21.uva.es\/#\/schema\/logo\/image\/"}}]}},"_links":{"self":[{"href":"https:\/\/www.cmmost21.uva.es\/en\/wp-json\/wp\/v2\/pages\/1448","targetHints":{"allow":["GET"]}}],"collection":[{"href":"https:\/\/www.cmmost21.uva.es\/en\/wp-json\/wp\/v2\/pages"}],"about":[{"href":"https:\/\/www.cmmost21.uva.es\/en\/wp-json\/wp\/v2\/types\/page"}],"author":[{"embeddable":true,"href":"https:\/\/www.cmmost21.uva.es\/en\/wp-json\/wp\/v2\/users\/1"}],"replies":[{"embeddable":true,"href":"https:\/\/www.cmmost21.uva.es\/en\/wp-json\/wp\/v2\/comments?post=1448"}],"version-history":[{"count":10,"href":"https:\/\/www.cmmost21.uva.es\/en\/wp-json\/wp\/v2\/pages\/1448\/revisions"}],"predecessor-version":[{"id":1462,"href":"https:\/\/www.cmmost21.uva.es\/en\/wp-json\/wp\/v2\/pages\/1448\/revisions\/1462"}],"wp:attachment":[{"href":"https:\/\/www.cmmost21.uva.es\/en\/wp-json\/wp\/v2\/media?parent=1448"}],"curies":[{"name":"wp","href":"https:\/\/api.w.org\/{rel}","templated":true}]}}