{"id":23,"date":"2021-02-02T09:51:11","date_gmt":"2021-02-02T09:51:11","guid":{"rendered":"http:\/\/157.88.70.134\/?page_id=23"},"modified":"2021-04-07T11:07:27","modified_gmt":"2021-04-07T11:07:27","slug":"lugar","status":"publish","type":"page","link":"https:\/\/www.cmmost21.uva.es\/en\/lugar\/","title":{"rendered":"Venue"},"content":{"rendered":"<div data-elementor-type=\"wp-page\" data-elementor-id=\"23\" class=\"elementor elementor-23\">\n\t\t\t\t\t\t<section class=\"elementor-section elementor-top-section elementor-element elementor-element-691368f8 elementor-section-stretched elementor-section-boxed elementor-section-height-default elementor-section-height-default\" data-id=\"691368f8\" data-element_type=\"section\" data-settings=\"{&quot;stretch_section&quot;:&quot;section-stretched&quot;}\">\n\t\t\t\t\t\t<div class=\"elementor-container elementor-column-gap-default\">\n\t\t\t\t\t<div class=\"elementor-column elementor-col-100 elementor-top-column elementor-element elementor-element-2b6a7ee5\" data-id=\"2b6a7ee5\" data-element_type=\"column\">\n\t\t\t<div class=\"elementor-widget-wrap elementor-element-populated\">\n\t\t\t\t\t\t<div class=\"elementor-element elementor-element-fb073d9 elementor-widget elementor-widget-heading\" data-id=\"fb073d9\" data-element_type=\"widget\" data-widget_type=\"heading.default\">\n\t\t\t\t<div class=\"elementor-widget-container\">\n\t\t\t\t\t<h2 class=\"elementor-heading-title elementor-size-large\">Venue<\/h2>\t\t\t\t<\/div>\n\t\t\t\t<\/div>\n\t\t\t\t<div class=\"elementor-element elementor-element-0b5c59b elementor-widget elementor-widget-google_maps\" data-id=\"0b5c59b\" data-element_type=\"widget\" data-widget_type=\"google_maps.default\">\n\t\t\t\t<div class=\"elementor-widget-container\">\n\t\t\t\t\t\t\t<div class=\"elementor-custom-embed\">\n\t\t\t<iframe loading=\"lazy\"\n\t\t\t\t\tsrc=\"https:\/\/maps.google.com\/maps?q=escuela%20de%20ingenier%C3%ADas%20industriales%20valladolid&#038;t=m&#038;z=10&#038;output=embed&#038;iwloc=near\"\n\t\t\t\t\ttitle=\"escuela de ingenier\u00edas industriales valladolid\"\n\t\t\t\t\taria-label=\"escuela de ingenier\u00edas industriales valladolid\"\n\t\t\t><\/iframe>\n\t\t<\/div>\n\t\t\t\t\t\t<\/div>\n\t\t\t\t<\/div>\n\t\t\t\t<section class=\"elementor-section elementor-inner-section elementor-element elementor-element-100f6a4 elementor-section-boxed elementor-section-height-default elementor-section-height-default\" data-id=\"100f6a4\" data-element_type=\"section\">\n\t\t\t\t\t\t<div class=\"elementor-container elementor-column-gap-default\">\n\t\t\t\t\t<div class=\"elementor-column elementor-col-100 elementor-inner-column elementor-element elementor-element-681f396\" data-id=\"681f396\" data-element_type=\"column\">\n\t\t\t<div class=\"elementor-widget-wrap elementor-element-populated\">\n\t\t\t\t\t\t<div class=\"elementor-element elementor-element-c271536 elementor-widget elementor-widget-text-editor\" data-id=\"c271536\" data-element_type=\"widget\" data-widget_type=\"text-editor.default\">\n\t\t\t\t<div class=\"elementor-widget-container\">\n\t\t\t\t\t\t\t\t\t<p><\/p>\n<p class=\"translation-block\">CMMoST 2021 welcomes you to Valladolid. The congress will take place at <a href=\"http:\/\/www.eii.uva.es\" target=\"_self\" rel=\"noopener\"> School of Industrial Engineering <\/a> of the <a> University of Valladolid <\/a>.<\/p>\n<ul>\n<li><a href=\"http:\/\/www.valladolid.es\" target=\"_blank\" rel=\"noopener\">Ayuntamiento de Valladolid<\/a><\/li>\n<li><a href=\"https:\/\/www.turismocastillayleon.com\/es\" target=\"_blank\" rel=\"noopener\">Junta de Castilla y Le\u00f3n<\/a><\/li>\n<\/ul>\t\t\t\t\t\t\t\t<\/div>\n\t\t\t\t<\/div>\n\t\t\t\t<div class=\"elementor-element elementor-element-cbc3533 elementor-widget elementor-widget-heading\" data-id=\"cbc3533\" data-element_type=\"widget\" data-widget_type=\"heading.default\">\n\t\t\t\t<div class=\"elementor-widget-container\">\n\t\t\t\t\t<h3 class=\"elementor-heading-title elementor-size-default\">How to get<\/h3>\t\t\t\t<\/div>\n\t\t\t\t<\/div>\n\t\t\t\t\t<\/div>\n\t\t<\/div>\n\t\t\t\t\t<\/div>\n\t\t<\/section>\n\t\t\t\t<div class=\"elementor-element elementor-element-66daa297 elementor-widget elementor-widget-text-editor\" data-id=\"66daa297\" data-element_type=\"widget\" data-widget_type=\"text-editor.default\">\n\t\t\t\t<div class=\"elementor-widget-container\">\n\t\t\t\t\t\t\t\t\t<p><span style=\"font-style: inherit; font-weight: inherit;\">By plane:<\/span><br><\/p>\n<ul><li><a href=\"http:\/\/www.aena.es\/csee\/Satellite\/Aeropuerto-Madrid-Barajas\/es\/\" target=\"_blank\" rel=\"noreferrer noopener\">Aeropuerto Adolfo Su\u00e1rez de Madrid-Barajas<\/a><\/li>\n<li><a href=\"http:\/\/aena.mobi\/m\/es\/aeropuerto-valladolid\/valladolid.html\">Aeropuerto Valladolid<\/a><\/li>\n<\/ul>\n<p><span style=\"font-style: inherit; font-weight: inherit;\">By train:<\/span><br><\/p>\n<ul>\n<li><a href=\"https:\/\/www.renfe.com\/es\/es\" target=\"_blank\" rel=\"noreferrer noopener\">Renfe<\/a><\/li>\n<\/ul>\n<p><span style=\"font-style: inherit; font-weight: inherit;\">By bus:<\/span><br><\/p>\n<p class=\"translation-block\"><span style=\"font-size: 16px\"> The public service of urban transport lines is offered through <\/span> <a style=\"font-size: 16px;background-color: #ffffff\" href=\"http:\/\/www.auvasa.es\" target=\"_ self\"> AUVASA <\/a> <span style=\"font-size: 16px\">, on whose web page you can access all the information about lines, routes, schedules, data of interest and the latest news from the passenger transport service in the city of Valladolid. <\/span><\/p>\n<p class=\"translation-block\">Car rental: There are <a href=\"https:\/\/www.google.com\/search?safe=off&amp;tbs=lf:1,lf_ui:2&amp;tbm=lcl&amp;sxsrf=ALeKk03Zovk7HAEQmZ4G3s54KhNy4AEQUQ:1612949691958&amp;q=alquiler+de+coches+valladolid&amp;rflfq=1&amp;num=10&amp;ved=2ahUKEwjuvrfrgd_uAhVKXsAKHZPsBWQQtgN6BAgBEAc\" target=\"_self\" rel=\"noopener\">varias compa\u00f1\u00edas<\/a> that operate at the airport \/ stations.<\/p>\n<p><a style=\"font-size: 16px; background-color: #ffffff;\" href=\"https:\/\/www.valladolid.com\/taxi\" target=\"_blank\" rel=\"noopener\">Taxi<\/a><\/p>\t\t\t\t\t\t\t\t<\/div>\n\t\t\t\t<\/div>\n\t\t\t\t\t<\/div>\n\t\t<\/div>\n\t\t\t\t\t<\/div>\n\t\t<\/section>\n\t\t\t\t<\/div>","protected":false},"excerpt":{"rendered":"<p>Lugar CMMoST 2021 os da la bienvenida a Valladolid. El congreso tendr\u00e1 lugar en la\u00a0Escuela de Ingenier\u00edas Industriales\u00a0de la\u00a0Universidad de Valladolid. Ayuntamiento de Valladolid Junta de Castilla y Le\u00f3n C\u00f3mo llegar Por avi\u00f3n: Aeropuerto Adolfo Su\u00e1rez de Madrid-Barajas Aeropuerto Valladolid Por tren: Renfe Por autob\u00fas: El servicio p\u00fablico de l\u00edneas de transporte urbano se ofrece [&hellip;]<\/p>","protected":false},"author":1,"featured_media":0,"parent":0,"menu_order":0,"comment_status":"closed","ping_status":"closed","template":"","meta":{"site-sidebar-layout":"no-sidebar","site-content-layout":"default","ast-site-content-layout":"default","site-content-style":"default","site-sidebar-style":"default","ast-global-header-display":"","ast-banner-title-visibility":"","ast-main-header-display":"","ast-hfb-above-header-display":"","ast-hfb-below-header-display":"","ast-hfb-mobile-header-display":"","site-post-title":"","ast-breadcrumbs-content":"","ast-featured-img":"","footer-sml-layout":"","ast-disable-related-posts":"","theme-transparent-header-meta":"default","adv-header-id-meta":"","stick-header-meta":"","header-above-stick-meta":"","header-main-stick-meta":"","header-below-stick-meta":"","astra-migrate-meta-layouts":"default","ast-page-background-enabled":"default","ast-page-background-meta":{"desktop":{"background-color":"","background-image":"","background-repeat":"repeat","background-position":"center center","background-size":"auto","background-attachment":"scroll","background-type":"","background-media":"","overlay-type":"","overlay-color":"","overlay-opacity":"","overlay-gradient":""},"tablet":{"background-color":"","background-image":"","background-repeat":"repeat","background-position":"center center","background-size":"auto","background-attachment":"scroll","background-type":"","background-media":"","overlay-type":"","overlay-color":"","overlay-opacity":"","overlay-gradient":""},"mobile":{"background-color":"","background-image":"","background-repeat":"repeat","background-position":"center center","background-size":"auto","background-attachment":"scroll","background-type":"","background-media":"","overlay-type":"","overlay-color":"","overlay-opacity":"","overlay-gradient":""}},"ast-content-background-meta":{"desktop":{"background-color":"var(--ast-global-color-5)","background-image":"","background-repeat":"repeat","background-position":"center center","background-size":"auto","background-attachment":"scroll","background-type":"","background-media":"","overlay-type":"","overlay-color":"","overlay-opacity":"","overlay-gradient":""},"tablet":{"background-color":"var(--ast-global-color-5)","background-image":"","background-repeat":"repeat","background-position":"center center","background-size":"auto","background-attachment":"scroll","background-type":"","background-media":"","overlay-type":"","overlay-color":"","overlay-opacity":"","overlay-gradient":""},"mobile":{"background-color":"var(--ast-global-color-5)","background-image":"","background-repeat":"repeat","background-position":"center center","background-size":"auto","background-attachment":"scroll","background-type":"","background-media":"","overlay-type":"","overlay-color":"","overlay-opacity":"","overlay-gradient":""}},"footnotes":""},"class_list":["post-23","page","type-page","status-publish","hentry"],"yoast_head":"<!-- This site is optimized with the Yoast SEO plugin v27.3 - https:\/\/yoast.com\/product\/yoast-seo-wordpress\/ -->\n<title>Lugar - CMMoST 2021 - 6\u00aa Conferencia Internacional sobre Modelos Mec\u00e1nicos en Ingenier\u00eda Estructural<\/title>\n<meta name=\"robots\" content=\"index, follow, max-snippet:-1, max-image-preview:large, max-video-preview:-1\" \/>\n<link rel=\"canonical\" href=\"https:\/\/www.cmmost21.uva.es\/en\/lugar\/\" \/>\n<meta property=\"og:locale\" content=\"en_GB\" \/>\n<meta property=\"og:type\" content=\"article\" \/>\n<meta property=\"og:title\" content=\"Lugar - CMMoST 2021 - 6\u00aa Conferencia Internacional sobre Modelos Mec\u00e1nicos en Ingenier\u00eda Estructural\" \/>\n<meta property=\"og:description\" content=\"Lugar CMMoST 2021 os da la bienvenida a Valladolid. El congreso tendr\u00e1 lugar en la\u00a0Escuela de Ingenier\u00edas Industriales\u00a0de la\u00a0Universidad de Valladolid. Ayuntamiento de Valladolid Junta de Castilla y Le\u00f3n C\u00f3mo llegar Por avi\u00f3n: Aeropuerto Adolfo Su\u00e1rez de Madrid-Barajas Aeropuerto Valladolid Por tren: Renfe Por autob\u00fas: El servicio p\u00fablico de l\u00edneas de transporte urbano se ofrece [&hellip;]\" \/>\n<meta property=\"og:url\" content=\"https:\/\/www.cmmost21.uva.es\/en\/lugar\/\" \/>\n<meta property=\"og:site_name\" content=\"CMMoST 2021 - 6\u00aa Conferencia Internacional sobre Modelos Mec\u00e1nicos en Ingenier\u00eda Estructural\" \/>\n<meta property=\"article:modified_time\" content=\"2021-04-07T11:07:27+00:00\" \/>\n<meta name=\"twitter:card\" content=\"summary_large_image\" \/>\n<meta name=\"twitter:label1\" content=\"Estimated reading time\" \/>\n\t<meta name=\"twitter:data1\" content=\"1 minute\" \/>\n<script type=\"application\/ld+json\" class=\"yoast-schema-graph\">{\"@context\":\"https:\\\/\\\/schema.org\",\"@graph\":[{\"@type\":\"WebPage\",\"@id\":\"https:\\\/\\\/www.cmmost21.uva.es\\\/en\\\/lugar\\\/\",\"url\":\"https:\\\/\\\/www.cmmost21.uva.es\\\/en\\\/lugar\\\/\",\"name\":\"Lugar - CMMoST 2021 - 6\u00aa Conferencia Internacional sobre Modelos Mec\u00e1nicos en Ingenier\u00eda Estructural\",\"isPartOf\":{\"@id\":\"https:\\\/\\\/www.cmmost21.uva.es\\\/#website\"},\"datePublished\":\"2021-02-02T09:51:11+00:00\",\"dateModified\":\"2021-04-07T11:07:27+00:00\",\"breadcrumb\":{\"@id\":\"https:\\\/\\\/www.cmmost21.uva.es\\\/en\\\/lugar\\\/#breadcrumb\"},\"inLanguage\":\"en-GB\",\"potentialAction\":[{\"@type\":\"ReadAction\",\"target\":[\"https:\\\/\\\/www.cmmost21.uva.es\\\/en\\\/lugar\\\/\"]}]},{\"@type\":\"BreadcrumbList\",\"@id\":\"https:\\\/\\\/www.cmmost21.uva.es\\\/en\\\/lugar\\\/#breadcrumb\",\"itemListElement\":[{\"@type\":\"ListItem\",\"position\":1,\"name\":\"Portada\",\"item\":\"https:\\\/\\\/www.cmmost21.uva.es\\\/\"},{\"@type\":\"ListItem\",\"position\":2,\"name\":\"Lugar\"}]},{\"@type\":\"WebSite\",\"@id\":\"https:\\\/\\\/www.cmmost21.uva.es\\\/#website\",\"url\":\"https:\\\/\\\/www.cmmost21.uva.es\\\/\",\"name\":\"CMMoST21\",\"description\":\"CMMoST 2021\",\"publisher\":{\"@id\":\"https:\\\/\\\/www.cmmost21.uva.es\\\/#organization\"},\"potentialAction\":[{\"@type\":\"SearchAction\",\"target\":{\"@type\":\"EntryPoint\",\"urlTemplate\":\"https:\\\/\\\/www.cmmost21.uva.es\\\/?s={search_term_string}\"},\"query-input\":{\"@type\":\"PropertyValueSpecification\",\"valueRequired\":true,\"valueName\":\"search_term_string\"}}],\"inLanguage\":\"en-GB\"},{\"@type\":\"Organization\",\"@id\":\"https:\\\/\\\/www.cmmost21.uva.es\\\/#organization\",\"name\":\"CMMoST21\",\"url\":\"https:\\\/\\\/www.cmmost21.uva.es\\\/\",\"logo\":{\"@type\":\"ImageObject\",\"inLanguage\":\"en-GB\",\"@id\":\"https:\\\/\\\/www.cmmost21.uva.es\\\/#\\\/schema\\\/logo\\\/image\\\/\",\"url\":\"https:\\\/\\\/www.cmmost21.uva.es\\\/wp-content\\\/uploads\\\/2021\\\/03\\\/cropped-cropped-logo21.jpg\",\"contentUrl\":\"https:\\\/\\\/www.cmmost21.uva.es\\\/wp-content\\\/uploads\\\/2021\\\/03\\\/cropped-cropped-logo21.jpg\",\"width\":1368,\"height\":290,\"caption\":\"CMMoST21\"},\"image\":{\"@id\":\"https:\\\/\\\/www.cmmost21.uva.es\\\/#\\\/schema\\\/logo\\\/image\\\/\"}}]}<\/script>\n<!-- \/ Yoast SEO plugin. -->","yoast_head_json":{"title":"Lugar - CMMoST 2021 - 6\u00aa Conferencia Internacional sobre Modelos Mec\u00e1nicos en Ingenier\u00eda Estructural","robots":{"index":"index","follow":"follow","max-snippet":"max-snippet:-1","max-image-preview":"max-image-preview:large","max-video-preview":"max-video-preview:-1"},"canonical":"https:\/\/www.cmmost21.uva.es\/en\/lugar\/","og_locale":"en_GB","og_type":"article","og_title":"Lugar - CMMoST 2021 - 6\u00aa Conferencia Internacional sobre Modelos Mec\u00e1nicos en Ingenier\u00eda Estructural","og_description":"Lugar CMMoST 2021 os da la bienvenida a Valladolid. El congreso tendr\u00e1 lugar en la\u00a0Escuela de Ingenier\u00edas Industriales\u00a0de la\u00a0Universidad de Valladolid. Ayuntamiento de Valladolid Junta de Castilla y Le\u00f3n C\u00f3mo llegar Por avi\u00f3n: Aeropuerto Adolfo Su\u00e1rez de Madrid-Barajas Aeropuerto Valladolid Por tren: Renfe Por autob\u00fas: El servicio p\u00fablico de l\u00edneas de transporte urbano se ofrece [&hellip;]","og_url":"https:\/\/www.cmmost21.uva.es\/en\/lugar\/","og_site_name":"CMMoST 2021 - 6\u00aa Conferencia Internacional sobre Modelos Mec\u00e1nicos en Ingenier\u00eda Estructural","article_modified_time":"2021-04-07T11:07:27+00:00","twitter_card":"summary_large_image","twitter_misc":{"Estimated reading time":"1 minute"},"schema":{"@context":"https:\/\/schema.org","@graph":[{"@type":"WebPage","@id":"https:\/\/www.cmmost21.uva.es\/en\/lugar\/","url":"https:\/\/www.cmmost21.uva.es\/en\/lugar\/","name":"Lugar - CMMoST 2021 - 6\u00aa Conferencia Internacional sobre Modelos Mec\u00e1nicos en Ingenier\u00eda Estructural","isPartOf":{"@id":"https:\/\/www.cmmost21.uva.es\/#website"},"datePublished":"2021-02-02T09:51:11+00:00","dateModified":"2021-04-07T11:07:27+00:00","breadcrumb":{"@id":"https:\/\/www.cmmost21.uva.es\/en\/lugar\/#breadcrumb"},"inLanguage":"en-GB","potentialAction":[{"@type":"ReadAction","target":["https:\/\/www.cmmost21.uva.es\/en\/lugar\/"]}]},{"@type":"BreadcrumbList","@id":"https:\/\/www.cmmost21.uva.es\/en\/lugar\/#breadcrumb","itemListElement":[{"@type":"ListItem","position":1,"name":"Portada","item":"https:\/\/www.cmmost21.uva.es\/"},{"@type":"ListItem","position":2,"name":"Lugar"}]},{"@type":"WebSite","@id":"https:\/\/www.cmmost21.uva.es\/#website","url":"https:\/\/www.cmmost21.uva.es\/","name":"CMMoST21","description":"CMMoST 2021","publisher":{"@id":"https:\/\/www.cmmost21.uva.es\/#organization"},"potentialAction":[{"@type":"SearchAction","target":{"@type":"EntryPoint","urlTemplate":"https:\/\/www.cmmost21.uva.es\/?s={search_term_string}"},"query-input":{"@type":"PropertyValueSpecification","valueRequired":true,"valueName":"search_term_string"}}],"inLanguage":"en-GB"},{"@type":"Organization","@id":"https:\/\/www.cmmost21.uva.es\/#organization","name":"CMMoST21","url":"https:\/\/www.cmmost21.uva.es\/","logo":{"@type":"ImageObject","inLanguage":"en-GB","@id":"https:\/\/www.cmmost21.uva.es\/#\/schema\/logo\/image\/","url":"https:\/\/www.cmmost21.uva.es\/wp-content\/uploads\/2021\/03\/cropped-cropped-logo21.jpg","contentUrl":"https:\/\/www.cmmost21.uva.es\/wp-content\/uploads\/2021\/03\/cropped-cropped-logo21.jpg","width":1368,"height":290,"caption":"CMMoST21"},"image":{"@id":"https:\/\/www.cmmost21.uva.es\/#\/schema\/logo\/image\/"}}]}},"_links":{"self":[{"href":"https:\/\/www.cmmost21.uva.es\/en\/wp-json\/wp\/v2\/pages\/23","targetHints":{"allow":["GET"]}}],"collection":[{"href":"https:\/\/www.cmmost21.uva.es\/en\/wp-json\/wp\/v2\/pages"}],"about":[{"href":"https:\/\/www.cmmost21.uva.es\/en\/wp-json\/wp\/v2\/types\/page"}],"author":[{"embeddable":true,"href":"https:\/\/www.cmmost21.uva.es\/en\/wp-json\/wp\/v2\/users\/1"}],"replies":[{"embeddable":true,"href":"https:\/\/www.cmmost21.uva.es\/en\/wp-json\/wp\/v2\/comments?post=23"}],"version-history":[{"count":31,"href":"https:\/\/www.cmmost21.uva.es\/en\/wp-json\/wp\/v2\/pages\/23\/revisions"}],"predecessor-version":[{"id":1173,"href":"https:\/\/www.cmmost21.uva.es\/en\/wp-json\/wp\/v2\/pages\/23\/revisions\/1173"}],"wp:attachment":[{"href":"https:\/\/www.cmmost21.uva.es\/en\/wp-json\/wp\/v2\/media?parent=23"}],"curies":[{"name":"wp","href":"https:\/\/api.w.org\/{rel}","templated":true}]}}