{"id":276,"date":"2021-02-09T11:01:47","date_gmt":"2021-02-09T11:01:47","guid":{"rendered":"https:\/\/www.cmmost21.uva.es\/?page_id=276"},"modified":"2021-10-18T07:52:53","modified_gmt":"2021-10-18T07:52:53","slug":"fechint","status":"publish","type":"page","link":"https:\/\/www.cmmost21.uva.es\/en\/participacion\/fechint\/","title":{"rendered":"Dates of interest"},"content":{"rendered":"<div data-elementor-type=\"wp-page\" data-elementor-id=\"276\" class=\"elementor elementor-276\">\n\t\t\t\t\t\t<section class=\"elementor-section elementor-top-section elementor-element elementor-element-f53e080 elementor-section-stretched elementor-section-boxed elementor-section-height-default elementor-section-height-default\" data-id=\"f53e080\" data-element_type=\"section\" data-settings=\"{&quot;stretch_section&quot;:&quot;section-stretched&quot;}\">\n\t\t\t\t\t\t<div class=\"elementor-container elementor-column-gap-default\">\n\t\t\t\t\t<div class=\"elementor-column elementor-col-100 elementor-top-column elementor-element elementor-element-d92d953\" data-id=\"d92d953\" data-element_type=\"column\">\n\t\t\t<div class=\"elementor-widget-wrap elementor-element-populated\">\n\t\t\t\t\t\t<div class=\"elementor-element elementor-element-2f16c93 elementor-widget elementor-widget-heading\" data-id=\"2f16c93\" data-element_type=\"widget\" data-widget_type=\"heading.default\">\n\t\t\t\t<div class=\"elementor-widget-container\">\n\t\t\t\t\t<h2 class=\"elementor-heading-title elementor-size-large\">Dates of interest<\/h2>\t\t\t\t<\/div>\n\t\t\t\t<\/div>\n\t\t\t\t<div class=\"elementor-element elementor-element-6b1db54 elementor-widget elementor-widget-text-editor\" data-id=\"6b1db54\" data-element_type=\"widget\" data-widget_type=\"text-editor.default\">\n\t\t\t\t<div class=\"elementor-widget-container\">\n\t\t\t\t\t\t\t\t\t<p class=\"translation-block\"><em> <strong> Abstract submission: <\/strong> Until May 31, 2021. <span style=\"color: #ff0000\"> <strong> The term is extended for a few days !! <\/strong> <br> <\/span> <\/em> <strong style=\"font-style: inherit\"> Acceptance abstracts: <\/strong> <em> <span style=\"font-weight: inherit\"> June 15, 2021 <span style=\"color: #ff0000\"> <strong> The term is extended for a few days !! <\/strong> <\/span> <\/span> <br> <\/em> <strong style=\"font-style : inherit\"> Article submission: <\/strong> <em> <span style=\"font-weight: inherit\"> September 30, 2021 <span style=\"color: #ff0000\"> <strong> The term is extended for a few days !! <\/strong> <\/span> <\/span> <br> <\/em> <strong style=\"font-style: inherit\"> Article acceptance: <\/strong> <em> <span style=\"font-weight: inherit\"> October 15, 2021 <\/span><span style=\"color: #ff0000\"> <strong> The term is extended for a few days !! <\/strong>  <br> <\/em> <strong style=\"font-style: inherit\"> Early payment of fees: <\/strong> <em> <span style=\"font-weight: inherit\"> October 31, 2021 <span style=\"color: #ff0000\"> <strong> Participant registration for the conference is now open. <a href=\"https:\/\/www.cmmost21.uva.es\/en\/registro-2\/\" target=\"_self\"> Click here <\/a> <\/strong> <\/span> <\/span> <br> <\/em> <strong style=\"font-style: inherit\"> Payment rate limit: <\/strong> <em> <span style=\"font-weight: inherit\"> November 15, 2021 <\/span> <br> <\/em> <strong style=\"font-style: inherit\"> Celebration of Congress: <\/strong> <em style=\"font-weight: inherit\"> December 1-3, 2021 <\/em><\/p>\t\t\t\t\t\t\t\t<\/div>\n\t\t\t\t<\/div>\n\t\t\t\t\t<\/div>\n\t\t<\/div>\n\t\t\t\t\t<\/div>\n\t\t<\/section>\n\t\t\t\t<\/div>","protected":false},"excerpt":{"rendered":"<p>Fechas de inter\u00e9s Env\u00edo de res\u00famenes:\u00a0Hasta 31 de mayo 2021. \u00a1\u00a1Se extiende el plazo por unos d\u00edas!!Aceptaci\u00f3n res\u00famenes: 15 de junio 2021 \u00a1\u00a1Se extiende el plazo por unos d\u00edas!!Env\u00edo art\u00edculo: 30 de septiembre 2021 \u00a1\u00a1Se extiende el plazo por unos d\u00edas!!Aceptaci\u00f3n art\u00edculo: 15 de octubre 2021\u00a0\u00a1\u00a1Se extiende el plazo por unos d\u00edas!!Pago temprano de tasas: [&hellip;]<\/p>","protected":false},"author":1,"featured_media":0,"parent":21,"menu_order":0,"comment_status":"closed","ping_status":"closed","template":"","meta":{"site-sidebar-layout":"no-sidebar","site-content-layout":"default","ast-site-content-layout":"default","site-content-style":"default","site-sidebar-style":"default","ast-global-header-display":"","ast-banner-title-visibility":"","ast-main-header-display":"","ast-hfb-above-header-display":"","ast-hfb-below-header-display":"","ast-hfb-mobile-header-display":"","site-post-title":"","ast-breadcrumbs-content":"","ast-featured-img":"","footer-sml-layout":"","ast-disable-related-posts":"","theme-transparent-header-meta":"default","adv-header-id-meta":"","stick-header-meta":"","header-above-stick-meta":"","header-main-stick-meta":"","header-below-stick-meta":"","astra-migrate-meta-layouts":"default","ast-page-background-enabled":"default","ast-page-background-meta":{"desktop":{"background-color":"","background-image":"","background-repeat":"repeat","background-position":"center center","background-size":"auto","background-attachment":"scroll","background-type":"","background-media":"","overlay-type":"","overlay-color":"","overlay-opacity":"","overlay-gradient":""},"tablet":{"background-color":"","background-image":"","background-repeat":"repeat","background-position":"center center","background-size":"auto","background-attachment":"scroll","background-type":"","background-media":"","overlay-type":"","overlay-color":"","overlay-opacity":"","overlay-gradient":""},"mobile":{"background-color":"","background-image":"","background-repeat":"repeat","background-position":"center center","background-size":"auto","background-attachment":"scroll","background-type":"","background-media":"","overlay-type":"","overlay-color":"","overlay-opacity":"","overlay-gradient":""}},"ast-content-background-meta":{"desktop":{"background-color":"var(--ast-global-color-5)","background-image":"","background-repeat":"repeat","background-position":"center center","background-size":"auto","background-attachment":"scroll","background-type":"","background-media":"","overlay-type":"","overlay-color":"","overlay-opacity":"","overlay-gradient":""},"tablet":{"background-color":"var(--ast-global-color-5)","background-image":"","background-repeat":"repeat","background-position":"center center","background-size":"auto","background-attachment":"scroll","background-type":"","background-media":"","overlay-type":"","overlay-color":"","overlay-opacity":"","overlay-gradient":""},"mobile":{"background-color":"var(--ast-global-color-5)","background-image":"","background-repeat":"repeat","background-position":"center center","background-size":"auto","background-attachment":"scroll","background-type":"","background-media":"","overlay-type":"","overlay-color":"","overlay-opacity":"","overlay-gradient":""}},"footnotes":""},"class_list":["post-276","page","type-page","status-publish","hentry"],"yoast_head":"<!-- This site is optimized with the Yoast SEO plugin v27.5 - https:\/\/yoast.com\/product\/yoast-seo-wordpress\/ -->\n<title>Fechas de inter\u00e9s - CMMoST 2021 - 6\u00aa Conferencia Internacional sobre Modelos Mec\u00e1nicos en Ingenier\u00eda Estructural<\/title>\n<meta name=\"robots\" content=\"index, follow, max-snippet:-1, max-image-preview:large, max-video-preview:-1\" \/>\n<link rel=\"canonical\" href=\"https:\/\/www.cmmost21.uva.es\/en\/participacion\/fechint\/\" \/>\n<meta property=\"og:locale\" content=\"en_GB\" \/>\n<meta property=\"og:type\" content=\"article\" \/>\n<meta property=\"og:title\" content=\"Fechas de inter\u00e9s - CMMoST 2021 - 6\u00aa Conferencia Internacional sobre Modelos Mec\u00e1nicos en Ingenier\u00eda Estructural\" \/>\n<meta property=\"og:description\" content=\"Fechas de inter\u00e9s Env\u00edo de res\u00famenes:\u00a0Hasta 31 de mayo 2021. \u00a1\u00a1Se extiende el plazo por unos d\u00edas!!Aceptaci\u00f3n res\u00famenes: 15 de junio 2021 \u00a1\u00a1Se extiende el plazo por unos d\u00edas!!Env\u00edo art\u00edculo: 30 de septiembre 2021 \u00a1\u00a1Se extiende el plazo por unos d\u00edas!!Aceptaci\u00f3n art\u00edculo: 15 de octubre 2021\u00a0\u00a1\u00a1Se extiende el plazo por unos d\u00edas!!Pago temprano de tasas: [&hellip;]\" \/>\n<meta property=\"og:url\" content=\"https:\/\/www.cmmost21.uva.es\/en\/participacion\/fechint\/\" \/>\n<meta property=\"og:site_name\" content=\"CMMoST 2021 - 6\u00aa Conferencia Internacional sobre Modelos Mec\u00e1nicos en Ingenier\u00eda Estructural\" \/>\n<meta property=\"article:modified_time\" content=\"2021-10-18T07:52:53+00:00\" \/>\n<meta name=\"twitter:card\" content=\"summary_large_image\" \/>\n<meta name=\"twitter:label1\" content=\"Estimated reading time\" \/>\n\t<meta name=\"twitter:data1\" content=\"1 minute\" \/>\n<script type=\"application\/ld+json\" class=\"yoast-schema-graph\">{\"@context\":\"https:\\\/\\\/schema.org\",\"@graph\":[{\"@type\":\"WebPage\",\"@id\":\"https:\\\/\\\/www.cmmost21.uva.es\\\/en\\\/participacion\\\/fechint\\\/\",\"url\":\"https:\\\/\\\/www.cmmost21.uva.es\\\/en\\\/participacion\\\/fechint\\\/\",\"name\":\"Fechas de inter\u00e9s - CMMoST 2021 - 6\u00aa Conferencia Internacional sobre Modelos Mec\u00e1nicos en Ingenier\u00eda Estructural\",\"isPartOf\":{\"@id\":\"https:\\\/\\\/www.cmmost21.uva.es\\\/#website\"},\"datePublished\":\"2021-02-09T11:01:47+00:00\",\"dateModified\":\"2021-10-18T07:52:53+00:00\",\"breadcrumb\":{\"@id\":\"https:\\\/\\\/www.cmmost21.uva.es\\\/en\\\/participacion\\\/fechint\\\/#breadcrumb\"},\"inLanguage\":\"en-GB\",\"potentialAction\":[{\"@type\":\"ReadAction\",\"target\":[\"https:\\\/\\\/www.cmmost21.uva.es\\\/en\\\/participacion\\\/fechint\\\/\"]}]},{\"@type\":\"BreadcrumbList\",\"@id\":\"https:\\\/\\\/www.cmmost21.uva.es\\\/en\\\/participacion\\\/fechint\\\/#breadcrumb\",\"itemListElement\":[{\"@type\":\"ListItem\",\"position\":1,\"name\":\"Portada\",\"item\":\"https:\\\/\\\/www.cmmost21.uva.es\\\/\"},{\"@type\":\"ListItem\",\"position\":2,\"name\":\"Participaci\u00f3n\",\"item\":\"https:\\\/\\\/www.cmmost21.uva.es\\\/en\\\/participacion\\\/\"},{\"@type\":\"ListItem\",\"position\":3,\"name\":\"Fechas de inter\u00e9s\"}]},{\"@type\":\"WebSite\",\"@id\":\"https:\\\/\\\/www.cmmost21.uva.es\\\/#website\",\"url\":\"https:\\\/\\\/www.cmmost21.uva.es\\\/\",\"name\":\"CMMoST21\",\"description\":\"CMMoST 2021\",\"publisher\":{\"@id\":\"https:\\\/\\\/www.cmmost21.uva.es\\\/#organization\"},\"potentialAction\":[{\"@type\":\"SearchAction\",\"target\":{\"@type\":\"EntryPoint\",\"urlTemplate\":\"https:\\\/\\\/www.cmmost21.uva.es\\\/?s={search_term_string}\"},\"query-input\":{\"@type\":\"PropertyValueSpecification\",\"valueRequired\":true,\"valueName\":\"search_term_string\"}}],\"inLanguage\":\"en-GB\"},{\"@type\":\"Organization\",\"@id\":\"https:\\\/\\\/www.cmmost21.uva.es\\\/#organization\",\"name\":\"CMMoST21\",\"url\":\"https:\\\/\\\/www.cmmost21.uva.es\\\/\",\"logo\":{\"@type\":\"ImageObject\",\"inLanguage\":\"en-GB\",\"@id\":\"https:\\\/\\\/www.cmmost21.uva.es\\\/#\\\/schema\\\/logo\\\/image\\\/\",\"url\":\"https:\\\/\\\/www.cmmost21.uva.es\\\/wp-content\\\/uploads\\\/2021\\\/03\\\/cropped-cropped-logo21.jpg\",\"contentUrl\":\"https:\\\/\\\/www.cmmost21.uva.es\\\/wp-content\\\/uploads\\\/2021\\\/03\\\/cropped-cropped-logo21.jpg\",\"width\":1368,\"height\":290,\"caption\":\"CMMoST21\"},\"image\":{\"@id\":\"https:\\\/\\\/www.cmmost21.uva.es\\\/#\\\/schema\\\/logo\\\/image\\\/\"}}]}<\/script>\n<!-- \/ Yoast SEO plugin. -->","yoast_head_json":{"title":"Fechas de inter\u00e9s - CMMoST 2021 - 6\u00aa Conferencia Internacional sobre Modelos Mec\u00e1nicos en Ingenier\u00eda Estructural","robots":{"index":"index","follow":"follow","max-snippet":"max-snippet:-1","max-image-preview":"max-image-preview:large","max-video-preview":"max-video-preview:-1"},"canonical":"https:\/\/www.cmmost21.uva.es\/en\/participacion\/fechint\/","og_locale":"en_GB","og_type":"article","og_title":"Fechas de inter\u00e9s - CMMoST 2021 - 6\u00aa Conferencia Internacional sobre Modelos Mec\u00e1nicos en Ingenier\u00eda Estructural","og_description":"Fechas de inter\u00e9s Env\u00edo de res\u00famenes:\u00a0Hasta 31 de mayo 2021. \u00a1\u00a1Se extiende el plazo por unos d\u00edas!!Aceptaci\u00f3n res\u00famenes: 15 de junio 2021 \u00a1\u00a1Se extiende el plazo por unos d\u00edas!!Env\u00edo art\u00edculo: 30 de septiembre 2021 \u00a1\u00a1Se extiende el plazo por unos d\u00edas!!Aceptaci\u00f3n art\u00edculo: 15 de octubre 2021\u00a0\u00a1\u00a1Se extiende el plazo por unos d\u00edas!!Pago temprano de tasas: [&hellip;]","og_url":"https:\/\/www.cmmost21.uva.es\/en\/participacion\/fechint\/","og_site_name":"CMMoST 2021 - 6\u00aa Conferencia Internacional sobre Modelos Mec\u00e1nicos en Ingenier\u00eda Estructural","article_modified_time":"2021-10-18T07:52:53+00:00","twitter_card":"summary_large_image","twitter_misc":{"Estimated reading time":"1 minute"},"schema":{"@context":"https:\/\/schema.org","@graph":[{"@type":"WebPage","@id":"https:\/\/www.cmmost21.uva.es\/en\/participacion\/fechint\/","url":"https:\/\/www.cmmost21.uva.es\/en\/participacion\/fechint\/","name":"Fechas de inter\u00e9s - CMMoST 2021 - 6\u00aa Conferencia Internacional sobre Modelos Mec\u00e1nicos en Ingenier\u00eda Estructural","isPartOf":{"@id":"https:\/\/www.cmmost21.uva.es\/#website"},"datePublished":"2021-02-09T11:01:47+00:00","dateModified":"2021-10-18T07:52:53+00:00","breadcrumb":{"@id":"https:\/\/www.cmmost21.uva.es\/en\/participacion\/fechint\/#breadcrumb"},"inLanguage":"en-GB","potentialAction":[{"@type":"ReadAction","target":["https:\/\/www.cmmost21.uva.es\/en\/participacion\/fechint\/"]}]},{"@type":"BreadcrumbList","@id":"https:\/\/www.cmmost21.uva.es\/en\/participacion\/fechint\/#breadcrumb","itemListElement":[{"@type":"ListItem","position":1,"name":"Portada","item":"https:\/\/www.cmmost21.uva.es\/"},{"@type":"ListItem","position":2,"name":"Participaci\u00f3n","item":"https:\/\/www.cmmost21.uva.es\/en\/participacion\/"},{"@type":"ListItem","position":3,"name":"Fechas de inter\u00e9s"}]},{"@type":"WebSite","@id":"https:\/\/www.cmmost21.uva.es\/#website","url":"https:\/\/www.cmmost21.uva.es\/","name":"CMMoST21","description":"CMMoST 2021","publisher":{"@id":"https:\/\/www.cmmost21.uva.es\/#organization"},"potentialAction":[{"@type":"SearchAction","target":{"@type":"EntryPoint","urlTemplate":"https:\/\/www.cmmost21.uva.es\/?s={search_term_string}"},"query-input":{"@type":"PropertyValueSpecification","valueRequired":true,"valueName":"search_term_string"}}],"inLanguage":"en-GB"},{"@type":"Organization","@id":"https:\/\/www.cmmost21.uva.es\/#organization","name":"CMMoST21","url":"https:\/\/www.cmmost21.uva.es\/","logo":{"@type":"ImageObject","inLanguage":"en-GB","@id":"https:\/\/www.cmmost21.uva.es\/#\/schema\/logo\/image\/","url":"https:\/\/www.cmmost21.uva.es\/wp-content\/uploads\/2021\/03\/cropped-cropped-logo21.jpg","contentUrl":"https:\/\/www.cmmost21.uva.es\/wp-content\/uploads\/2021\/03\/cropped-cropped-logo21.jpg","width":1368,"height":290,"caption":"CMMoST21"},"image":{"@id":"https:\/\/www.cmmost21.uva.es\/#\/schema\/logo\/image\/"}}]}},"_links":{"self":[{"href":"https:\/\/www.cmmost21.uva.es\/en\/wp-json\/wp\/v2\/pages\/276","targetHints":{"allow":["GET"]}}],"collection":[{"href":"https:\/\/www.cmmost21.uva.es\/en\/wp-json\/wp\/v2\/pages"}],"about":[{"href":"https:\/\/www.cmmost21.uva.es\/en\/wp-json\/wp\/v2\/types\/page"}],"author":[{"embeddable":true,"href":"https:\/\/www.cmmost21.uva.es\/en\/wp-json\/wp\/v2\/users\/1"}],"replies":[{"embeddable":true,"href":"https:\/\/www.cmmost21.uva.es\/en\/wp-json\/wp\/v2\/comments?post=276"}],"version-history":[{"count":72,"href":"https:\/\/www.cmmost21.uva.es\/en\/wp-json\/wp\/v2\/pages\/276\/revisions"}],"predecessor-version":[{"id":1489,"href":"https:\/\/www.cmmost21.uva.es\/en\/wp-json\/wp\/v2\/pages\/276\/revisions\/1489"}],"up":[{"embeddable":true,"href":"https:\/\/www.cmmost21.uva.es\/en\/wp-json\/wp\/v2\/pages\/21"}],"wp:attachment":[{"href":"https:\/\/www.cmmost21.uva.es\/en\/wp-json\/wp\/v2\/media?parent=276"}],"curies":[{"name":"wp","href":"https:\/\/api.w.org\/{rel}","templated":true}]}}