{"id":280,"date":"2021-02-09T11:02:48","date_gmt":"2021-02-09T11:02:48","guid":{"rendered":"https:\/\/www.cmmost21.uva.es\/?page_id=280"},"modified":"2021-11-25T19:39:32","modified_gmt":"2021-11-25T19:39:32","slug":"program","status":"publish","type":"page","link":"https:\/\/www.cmmost21.uva.es\/en\/participacion\/program\/","title":{"rendered":"Detailed program"},"content":{"rendered":"<div data-elementor-type=\"wp-page\" data-elementor-id=\"280\" class=\"elementor elementor-280\">\n\t\t\t\t\t\t<section class=\"elementor-section elementor-top-section elementor-element elementor-element-564b5711 elementor-section-stretched elementor-section-boxed elementor-section-height-default elementor-section-height-default\" data-id=\"564b5711\" data-element_type=\"section\" data-settings=\"{&quot;stretch_section&quot;:&quot;section-stretched&quot;}\">\n\t\t\t\t\t\t<div class=\"elementor-container elementor-column-gap-default\">\n\t\t\t\t\t<div class=\"elementor-column elementor-col-100 elementor-top-column elementor-element elementor-element-3ac1c906\" data-id=\"3ac1c906\" data-element_type=\"column\">\n\t\t\t<div class=\"elementor-widget-wrap elementor-element-populated\">\n\t\t\t\t\t\t<div class=\"elementor-element elementor-element-5c7851a elementor-widget elementor-widget-heading\" data-id=\"5c7851a\" data-element_type=\"widget\" data-widget_type=\"heading.default\">\n\t\t\t\t<div class=\"elementor-widget-container\">\n\t\t\t\t\t<h2 class=\"elementor-heading-title elementor-size-large\">Detailed program<\/h2>\t\t\t\t<\/div>\n\t\t\t\t<\/div>\n\t\t\t\t<div class=\"elementor-element elementor-element-2a066c6 elementor-widget elementor-widget-text-editor\" data-id=\"2a066c6\" data-element_type=\"widget\" data-widget_type=\"text-editor.default\">\n\t\t\t\t<div class=\"elementor-widget-container\">\n\t\t\t\t\t\t\t\t\t<p>You can download the detailed technical programme at this <a href=\"https:\/\/www.cmmost21.uva.es\/wp-content\/uploads\/2021\/11\/TechnicalProgram_web_v7.pdf\" target=\"_blank\" rel=\"noopener\">link<\/a><\/p>\t\t\t\t\t\t\t\t<\/div>\n\t\t\t\t<\/div>\n\t\t\t\t<div class=\"elementor-element elementor-element-6882686 elementor-widget elementor-widget-heading\" data-id=\"6882686\" data-element_type=\"widget\" data-widget_type=\"heading.default\">\n\t\t\t\t<div class=\"elementor-widget-container\">\n\t\t\t\t\t<h2 class=\"elementor-heading-title elementor-size-large\">Conference programme at a glance<\/h2>\t\t\t\t<\/div>\n\t\t\t\t<\/div>\n\t\t\t\t<div class=\"elementor-element elementor-element-2004d73 elementor-widget elementor-widget-text-editor\" data-id=\"2004d73\" data-element_type=\"widget\" data-widget_type=\"text-editor.default\">\n\t\t\t\t<div class=\"elementor-widget-container\">\n\t\t\t\t\t\t\t\t\t<p>Mouse over the image to enlarge contents<\/p><table style=\"border: hidden;\" border=\"0\" width=\"100%\" cellspacing=\"0\" cellpadding=\"0\"><tbody><tr style=\"border: hidden;\"><td style=\"border: hidden;\" width=\"50%\"><img decoding=\"async\" class=\"zoooom alignleft wp-image-1582\" src=\"https:\/\/www.cmmost21.uva.es\/wp-content\/uploads\/2021\/11\/prog-300x145.jpg\" alt=\"\" width=\"100%\" srcset=\"https:\/\/www.cmmost21.uva.es\/wp-content\/uploads\/2021\/11\/prog-300x145.jpg 300w, https:\/\/www.cmmost21.uva.es\/wp-content\/uploads\/2021\/11\/prog-1024x495.jpg 1024w, https:\/\/www.cmmost21.uva.es\/wp-content\/uploads\/2021\/11\/prog-768x371.jpg 768w, https:\/\/www.cmmost21.uva.es\/wp-content\/uploads\/2021\/11\/prog-1536x742.jpg 1536w, https:\/\/www.cmmost21.uva.es\/wp-content\/uploads\/2021\/11\/prog-18x9.jpg 18w, https:\/\/www.cmmost21.uva.es\/wp-content\/uploads\/2021\/11\/prog.jpg 1544w\" sizes=\"(max-width: 300px) 100vw, 300px\" \/><\/td><td style=\"border: hidden;\" width=\"100%\"><p><span style=\"font-style: inherit; font-weight: inherit;\">\u00a0<\/span><\/p><p>\u00a0<\/p><\/td><\/tr><\/tbody><\/table>\t\t\t\t\t\t\t\t<\/div>\n\t\t\t\t<\/div>\n\t\t\t\t\t<\/div>\n\t\t<\/div>\n\t\t\t\t\t<\/div>\n\t\t<\/section>\n\t\t\t\t<\/div>","protected":false},"excerpt":{"rendered":"<p>Programa detallado Puedes descargar el programa t\u00e9cnico detallado en este enlace Programa resumido Pasa el cursor por la imagen para ampliar el contenido \u00a0 \u00a0<\/p>","protected":false},"author":1,"featured_media":0,"parent":21,"menu_order":0,"comment_status":"closed","ping_status":"closed","template":"","meta":{"site-sidebar-layout":"no-sidebar","site-content-layout":"default","ast-site-content-layout":"default","site-content-style":"default","site-sidebar-style":"default","ast-global-header-display":"","ast-banner-title-visibility":"","ast-main-header-display":"","ast-hfb-above-header-display":"","ast-hfb-below-header-display":"","ast-hfb-mobile-header-display":"","site-post-title":"","ast-breadcrumbs-content":"","ast-featured-img":"","footer-sml-layout":"","ast-disable-related-posts":"","theme-transparent-header-meta":"default","adv-header-id-meta":"","stick-header-meta":"","header-above-stick-meta":"","header-main-stick-meta":"","header-below-stick-meta":"","astra-migrate-meta-layouts":"default","ast-page-background-enabled":"default","ast-page-background-meta":{"desktop":{"background-color":"","background-image":"","background-repeat":"repeat","background-position":"center center","background-size":"auto","background-attachment":"scroll","background-type":"","background-media":"","overlay-type":"","overlay-color":"","overlay-opacity":"","overlay-gradient":""},"tablet":{"background-color":"","background-image":"","background-repeat":"repeat","background-position":"center center","background-size":"auto","background-attachment":"scroll","background-type":"","background-media":"","overlay-type":"","overlay-color":"","overlay-opacity":"","overlay-gradient":""},"mobile":{"background-color":"","background-image":"","background-repeat":"repeat","background-position":"center center","background-size":"auto","background-attachment":"scroll","background-type":"","background-media":"","overlay-type":"","overlay-color":"","overlay-opacity":"","overlay-gradient":""}},"ast-content-background-meta":{"desktop":{"background-color":"var(--ast-global-color-5)","background-image":"","background-repeat":"repeat","background-position":"center center","background-size":"auto","background-attachment":"scroll","background-type":"","background-media":"","overlay-type":"","overlay-color":"","overlay-opacity":"","overlay-gradient":""},"tablet":{"background-color":"var(--ast-global-color-5)","background-image":"","background-repeat":"repeat","background-position":"center center","background-size":"auto","background-attachment":"scroll","background-type":"","background-media":"","overlay-type":"","overlay-color":"","overlay-opacity":"","overlay-gradient":""},"mobile":{"background-color":"var(--ast-global-color-5)","background-image":"","background-repeat":"repeat","background-position":"center center","background-size":"auto","background-attachment":"scroll","background-type":"","background-media":"","overlay-type":"","overlay-color":"","overlay-opacity":"","overlay-gradient":""}},"footnotes":""},"class_list":["post-280","page","type-page","status-publish","hentry"],"yoast_head":"<!-- This site is optimized with the Yoast SEO plugin v27.5 - https:\/\/yoast.com\/product\/yoast-seo-wordpress\/ -->\n<title>Programa detallado - CMMoST 2021 - 6\u00aa Conferencia Internacional sobre Modelos Mec\u00e1nicos en Ingenier\u00eda Estructural<\/title>\n<meta name=\"robots\" content=\"index, follow, max-snippet:-1, max-image-preview:large, max-video-preview:-1\" \/>\n<link rel=\"canonical\" href=\"https:\/\/www.cmmost21.uva.es\/en\/participacion\/program\/\" \/>\n<meta property=\"og:locale\" content=\"en_GB\" \/>\n<meta property=\"og:type\" content=\"article\" \/>\n<meta property=\"og:title\" content=\"Programa detallado - CMMoST 2021 - 6\u00aa Conferencia Internacional sobre Modelos Mec\u00e1nicos en Ingenier\u00eda Estructural\" \/>\n<meta property=\"og:description\" content=\"Programa detallado Puedes descargar el programa t\u00e9cnico detallado en este enlace Programa resumido Pasa el cursor por la imagen para ampliar el contenido \u00a0 \u00a0\" \/>\n<meta property=\"og:url\" content=\"https:\/\/www.cmmost21.uva.es\/en\/participacion\/program\/\" \/>\n<meta property=\"og:site_name\" content=\"CMMoST 2021 - 6\u00aa Conferencia Internacional sobre Modelos Mec\u00e1nicos en Ingenier\u00eda Estructural\" \/>\n<meta property=\"article:modified_time\" content=\"2021-11-25T19:39:32+00:00\" \/>\n<meta property=\"og:image\" content=\"https:\/\/www.cmmost21.uva.es\/wp-content\/uploads\/2021\/11\/prog-300x145.jpg\" \/>\n<meta name=\"twitter:card\" content=\"summary_large_image\" \/>\n<meta name=\"twitter:label1\" content=\"Estimated reading time\" \/>\n\t<meta name=\"twitter:data1\" content=\"1 minute\" \/>\n<script type=\"application\/ld+json\" class=\"yoast-schema-graph\">{\"@context\":\"https:\\\/\\\/schema.org\",\"@graph\":[{\"@type\":\"WebPage\",\"@id\":\"https:\\\/\\\/www.cmmost21.uva.es\\\/participacion\\\/program\\\/\",\"url\":\"https:\\\/\\\/www.cmmost21.uva.es\\\/participacion\\\/program\\\/\",\"name\":\"Programa detallado - CMMoST 2021 - 6\u00aa Conferencia Internacional sobre Modelos Mec\u00e1nicos en Ingenier\u00eda Estructural\",\"isPartOf\":{\"@id\":\"https:\\\/\\\/www.cmmost21.uva.es\\\/#website\"},\"primaryImageOfPage\":{\"@id\":\"https:\\\/\\\/www.cmmost21.uva.es\\\/participacion\\\/program\\\/#primaryimage\"},\"image\":{\"@id\":\"https:\\\/\\\/www.cmmost21.uva.es\\\/participacion\\\/program\\\/#primaryimage\"},\"thumbnailUrl\":\"https:\\\/\\\/www.cmmost21.uva.es\\\/wp-content\\\/uploads\\\/2021\\\/11\\\/prog-300x145.jpg\",\"datePublished\":\"2021-02-09T11:02:48+00:00\",\"dateModified\":\"2021-11-25T19:39:32+00:00\",\"breadcrumb\":{\"@id\":\"https:\\\/\\\/www.cmmost21.uva.es\\\/participacion\\\/program\\\/#breadcrumb\"},\"inLanguage\":\"en-GB\",\"potentialAction\":[{\"@type\":\"ReadAction\",\"target\":[\"https:\\\/\\\/www.cmmost21.uva.es\\\/participacion\\\/program\\\/\"]}]},{\"@type\":\"ImageObject\",\"inLanguage\":\"en-GB\",\"@id\":\"https:\\\/\\\/www.cmmost21.uva.es\\\/participacion\\\/program\\\/#primaryimage\",\"url\":\"https:\\\/\\\/www.cmmost21.uva.es\\\/wp-content\\\/uploads\\\/2021\\\/11\\\/prog-300x145.jpg\",\"contentUrl\":\"https:\\\/\\\/www.cmmost21.uva.es\\\/wp-content\\\/uploads\\\/2021\\\/11\\\/prog-300x145.jpg\"},{\"@type\":\"BreadcrumbList\",\"@id\":\"https:\\\/\\\/www.cmmost21.uva.es\\\/participacion\\\/program\\\/#breadcrumb\",\"itemListElement\":[{\"@type\":\"ListItem\",\"position\":1,\"name\":\"Portada\",\"item\":\"https:\\\/\\\/www.cmmost21.uva.es\\\/\"},{\"@type\":\"ListItem\",\"position\":2,\"name\":\"Participaci\u00f3n\",\"item\":\"https:\\\/\\\/www.cmmost21.uva.es\\\/en\\\/participacion\\\/\"},{\"@type\":\"ListItem\",\"position\":3,\"name\":\"Programa detallado\"}]},{\"@type\":\"WebSite\",\"@id\":\"https:\\\/\\\/www.cmmost21.uva.es\\\/#website\",\"url\":\"https:\\\/\\\/www.cmmost21.uva.es\\\/\",\"name\":\"CMMoST21\",\"description\":\"CMMoST 2021\",\"publisher\":{\"@id\":\"https:\\\/\\\/www.cmmost21.uva.es\\\/#organization\"},\"potentialAction\":[{\"@type\":\"SearchAction\",\"target\":{\"@type\":\"EntryPoint\",\"urlTemplate\":\"https:\\\/\\\/www.cmmost21.uva.es\\\/?s={search_term_string}\"},\"query-input\":{\"@type\":\"PropertyValueSpecification\",\"valueRequired\":true,\"valueName\":\"search_term_string\"}}],\"inLanguage\":\"en-GB\"},{\"@type\":\"Organization\",\"@id\":\"https:\\\/\\\/www.cmmost21.uva.es\\\/#organization\",\"name\":\"CMMoST21\",\"url\":\"https:\\\/\\\/www.cmmost21.uva.es\\\/\",\"logo\":{\"@type\":\"ImageObject\",\"inLanguage\":\"en-GB\",\"@id\":\"https:\\\/\\\/www.cmmost21.uva.es\\\/#\\\/schema\\\/logo\\\/image\\\/\",\"url\":\"https:\\\/\\\/www.cmmost21.uva.es\\\/wp-content\\\/uploads\\\/2021\\\/03\\\/cropped-cropped-logo21.jpg\",\"contentUrl\":\"https:\\\/\\\/www.cmmost21.uva.es\\\/wp-content\\\/uploads\\\/2021\\\/03\\\/cropped-cropped-logo21.jpg\",\"width\":1368,\"height\":290,\"caption\":\"CMMoST21\"},\"image\":{\"@id\":\"https:\\\/\\\/www.cmmost21.uva.es\\\/#\\\/schema\\\/logo\\\/image\\\/\"}}]}<\/script>\n<!-- \/ Yoast SEO plugin. -->","yoast_head_json":{"title":"Programa detallado - CMMoST 2021 - 6\u00aa Conferencia Internacional sobre Modelos Mec\u00e1nicos en Ingenier\u00eda Estructural","robots":{"index":"index","follow":"follow","max-snippet":"max-snippet:-1","max-image-preview":"max-image-preview:large","max-video-preview":"max-video-preview:-1"},"canonical":"https:\/\/www.cmmost21.uva.es\/en\/participacion\/program\/","og_locale":"en_GB","og_type":"article","og_title":"Programa detallado - CMMoST 2021 - 6\u00aa Conferencia Internacional sobre Modelos Mec\u00e1nicos en Ingenier\u00eda Estructural","og_description":"Programa detallado Puedes descargar el programa t\u00e9cnico detallado en este enlace Programa resumido Pasa el cursor por la imagen para ampliar el contenido \u00a0 \u00a0","og_url":"https:\/\/www.cmmost21.uva.es\/en\/participacion\/program\/","og_site_name":"CMMoST 2021 - 6\u00aa Conferencia Internacional sobre Modelos Mec\u00e1nicos en Ingenier\u00eda Estructural","article_modified_time":"2021-11-25T19:39:32+00:00","og_image":[{"url":"https:\/\/www.cmmost21.uva.es\/wp-content\/uploads\/2021\/11\/prog-300x145.jpg","type":"","width":"","height":""}],"twitter_card":"summary_large_image","twitter_misc":{"Estimated reading time":"1 minute"},"schema":{"@context":"https:\/\/schema.org","@graph":[{"@type":"WebPage","@id":"https:\/\/www.cmmost21.uva.es\/participacion\/program\/","url":"https:\/\/www.cmmost21.uva.es\/participacion\/program\/","name":"Programa detallado - CMMoST 2021 - 6\u00aa Conferencia Internacional sobre Modelos Mec\u00e1nicos en Ingenier\u00eda Estructural","isPartOf":{"@id":"https:\/\/www.cmmost21.uva.es\/#website"},"primaryImageOfPage":{"@id":"https:\/\/www.cmmost21.uva.es\/participacion\/program\/#primaryimage"},"image":{"@id":"https:\/\/www.cmmost21.uva.es\/participacion\/program\/#primaryimage"},"thumbnailUrl":"https:\/\/www.cmmost21.uva.es\/wp-content\/uploads\/2021\/11\/prog-300x145.jpg","datePublished":"2021-02-09T11:02:48+00:00","dateModified":"2021-11-25T19:39:32+00:00","breadcrumb":{"@id":"https:\/\/www.cmmost21.uva.es\/participacion\/program\/#breadcrumb"},"inLanguage":"en-GB","potentialAction":[{"@type":"ReadAction","target":["https:\/\/www.cmmost21.uva.es\/participacion\/program\/"]}]},{"@type":"ImageObject","inLanguage":"en-GB","@id":"https:\/\/www.cmmost21.uva.es\/participacion\/program\/#primaryimage","url":"https:\/\/www.cmmost21.uva.es\/wp-content\/uploads\/2021\/11\/prog-300x145.jpg","contentUrl":"https:\/\/www.cmmost21.uva.es\/wp-content\/uploads\/2021\/11\/prog-300x145.jpg"},{"@type":"BreadcrumbList","@id":"https:\/\/www.cmmost21.uva.es\/participacion\/program\/#breadcrumb","itemListElement":[{"@type":"ListItem","position":1,"name":"Portada","item":"https:\/\/www.cmmost21.uva.es\/"},{"@type":"ListItem","position":2,"name":"Participaci\u00f3n","item":"https:\/\/www.cmmost21.uva.es\/en\/participacion\/"},{"@type":"ListItem","position":3,"name":"Programa detallado"}]},{"@type":"WebSite","@id":"https:\/\/www.cmmost21.uva.es\/#website","url":"https:\/\/www.cmmost21.uva.es\/","name":"CMMoST21","description":"CMMoST 2021","publisher":{"@id":"https:\/\/www.cmmost21.uva.es\/#organization"},"potentialAction":[{"@type":"SearchAction","target":{"@type":"EntryPoint","urlTemplate":"https:\/\/www.cmmost21.uva.es\/?s={search_term_string}"},"query-input":{"@type":"PropertyValueSpecification","valueRequired":true,"valueName":"search_term_string"}}],"inLanguage":"en-GB"},{"@type":"Organization","@id":"https:\/\/www.cmmost21.uva.es\/#organization","name":"CMMoST21","url":"https:\/\/www.cmmost21.uva.es\/","logo":{"@type":"ImageObject","inLanguage":"en-GB","@id":"https:\/\/www.cmmost21.uva.es\/#\/schema\/logo\/image\/","url":"https:\/\/www.cmmost21.uva.es\/wp-content\/uploads\/2021\/03\/cropped-cropped-logo21.jpg","contentUrl":"https:\/\/www.cmmost21.uva.es\/wp-content\/uploads\/2021\/03\/cropped-cropped-logo21.jpg","width":1368,"height":290,"caption":"CMMoST21"},"image":{"@id":"https:\/\/www.cmmost21.uva.es\/#\/schema\/logo\/image\/"}}]}},"_links":{"self":[{"href":"https:\/\/www.cmmost21.uva.es\/en\/wp-json\/wp\/v2\/pages\/280","targetHints":{"allow":["GET"]}}],"collection":[{"href":"https:\/\/www.cmmost21.uva.es\/en\/wp-json\/wp\/v2\/pages"}],"about":[{"href":"https:\/\/www.cmmost21.uva.es\/en\/wp-json\/wp\/v2\/types\/page"}],"author":[{"embeddable":true,"href":"https:\/\/www.cmmost21.uva.es\/en\/wp-json\/wp\/v2\/users\/1"}],"replies":[{"embeddable":true,"href":"https:\/\/www.cmmost21.uva.es\/en\/wp-json\/wp\/v2\/comments?post=280"}],"version-history":[{"count":120,"href":"https:\/\/www.cmmost21.uva.es\/en\/wp-json\/wp\/v2\/pages\/280\/revisions"}],"predecessor-version":[{"id":1656,"href":"https:\/\/www.cmmost21.uva.es\/en\/wp-json\/wp\/v2\/pages\/280\/revisions\/1656"}],"up":[{"embeddable":true,"href":"https:\/\/www.cmmost21.uva.es\/en\/wp-json\/wp\/v2\/pages\/21"}],"wp:attachment":[{"href":"https:\/\/www.cmmost21.uva.es\/en\/wp-json\/wp\/v2\/media?parent=280"}],"curies":[{"name":"wp","href":"https:\/\/api.w.org\/{rel}","templated":true}]}}