{"id":879,"date":"2021-03-16T08:29:26","date_gmt":"2021-03-16T08:29:26","guid":{"rendered":"https:\/\/www.cmmost21.uva.es\/?page_id=879"},"modified":"2021-04-26T06:38:21","modified_gmt":"2021-04-26T06:38:21","slug":"plantillas","status":"publish","type":"page","link":"https:\/\/www.cmmost21.uva.es\/en\/plantillas\/","title":{"rendered":"Templates"},"content":{"rendered":"<div data-elementor-type=\"wp-page\" data-elementor-id=\"879\" class=\"elementor elementor-879\">\n\t\t\t\t\t\t<section class=\"elementor-section elementor-top-section elementor-element elementor-element-782c074 elementor-section-boxed elementor-section-height-default elementor-section-height-default\" data-id=\"782c074\" data-element_type=\"section\">\n\t\t\t\t\t\t<div class=\"elementor-container elementor-column-gap-default\">\n\t\t\t\t\t<div class=\"elementor-column elementor-col-100 elementor-top-column elementor-element elementor-element-30b8d38\" data-id=\"30b8d38\" data-element_type=\"column\">\n\t\t\t<div class=\"elementor-widget-wrap elementor-element-populated\">\n\t\t\t\t\t\t<div class=\"elementor-element elementor-element-aacb7f2 elementor-widget elementor-widget-heading\" data-id=\"aacb7f2\" data-element_type=\"widget\" data-widget_type=\"heading.default\">\n\t\t\t\t<div class=\"elementor-widget-container\">\n\t\t\t\t\t<h2 class=\"elementor-heading-title elementor-size-large\">Templates<\/h2>\t\t\t\t<\/div>\n\t\t\t\t<\/div>\n\t\t\t\t<section class=\"elementor-section elementor-inner-section elementor-element elementor-element-acf7efc elementor-section-boxed elementor-section-height-default elementor-section-height-default\" data-id=\"acf7efc\" data-element_type=\"section\">\n\t\t\t\t\t\t<div class=\"elementor-container elementor-column-gap-default\">\n\t\t\t\t\t<div class=\"elementor-column elementor-col-100 elementor-inner-column elementor-element elementor-element-90f8242\" data-id=\"90f8242\" data-element_type=\"column\">\n\t\t\t<div class=\"elementor-widget-wrap elementor-element-populated\">\n\t\t\t\t\t\t<div class=\"elementor-element elementor-element-91b848b elementor-widget elementor-widget-text-editor\" data-id=\"91b848b\" data-element_type=\"widget\" data-widget_type=\"text-editor.default\">\n\t\t\t\t<div class=\"elementor-widget-container\">\n\t\t\t\t\t\t\t\t\t<p>Here you can get the templates to follow for extended summaries and articles. All documents will be delivered online, using the platform enabled for this purpose. Please, do not forget to check the established deadlines, as well as the instructions developed as a tutorial to carry out the different processes.<\/p><ul><li><a href=\"https:\/\/www.cmmost21.uva.es\/wp-content\/uploads\/2021\/03\/CMMoST2021_AbstractTemplate_es.docx\" target=\"_blank\" rel=\"noopener\">Extended abstract template (Spanish)<\/a><\/li><li><a href=\"https:\/\/www.cmmost21.uva.es\/wp-content\/uploads\/2021\/03\/CMMoST2021_AbstractTemplate_en.docx\" target=\"_blank\" rel=\"noopener\">Extended abstract Template (English)<\/a><\/li><li><a href=\"https:\/\/www.cmmost21.uva.es\/wp-content\/uploads\/2021\/04\/CMMoST2021_PaperTemplate_es.docx\" target=\"_blank\" rel=\"noopener\">Article template (Spanish)<\/a><\/li><li><a href=\"https:\/\/www.cmmost21.uva.es\/wp-content\/uploads\/2021\/04\/CMMoST2021_PaperTemplate_en.docx\" target=\"_blank\" rel=\"noopener\">Article template (English)<\/a><\/li><\/ul><p>Submissions of extended abstracts and articles will be made through <a href=\"https:\/\/easychair.org\/\">EasyChair<\/a> associated with the congress:\u00a0<a style=\"background-color: #ffffff; font-size: 1rem;\" href=\"https:\/\/easychair.org\/conferences\/?conf=cmmost2021\" target=\"_blank\" rel=\"noopener\">https:\/\/easychair.org\/conferences\/?conf=cmmost2021<\/a><\/p>\t\t\t\t\t\t\t\t<\/div>\n\t\t\t\t<\/div>\n\t\t\t\t\t<\/div>\n\t\t<\/div>\n\t\t\t\t\t<\/div>\n\t\t<\/section>\n\t\t\t\t\t<\/div>\n\t\t<\/div>\n\t\t\t\t\t<\/div>\n\t\t<\/section>\n\t\t\t\t<\/div>","protected":false},"excerpt":{"rendered":"<p>Plantillas Aqu\u00ed pueden obtenerse las plantillas a seguir para res\u00famenes extendidos y art\u00edculos. Todos los documentos ser\u00e1n entregados online, utilizando la plataforma habilitada al efecto. Por favor, no olvide comprobar las fechas l\u00edmite establecidas, as\u00ed como las instrucciones desarrolladas a modo de tutorial para llevar a cabo los distintos procesos. Plantilla del resumen extendido (Espa\u00f1ol) [&hellip;]<\/p>","protected":false},"author":1,"featured_media":0,"parent":0,"menu_order":0,"comment_status":"closed","ping_status":"closed","template":"elementor_theme","meta":{"site-sidebar-layout":"no-sidebar","site-content-layout":"page-builder","ast-site-content-layout":"default","site-content-style":"default","site-sidebar-style":"default","ast-global-header-display":"","ast-banner-title-visibility":"","ast-main-header-display":"","ast-hfb-above-header-display":"","ast-hfb-below-header-display":"","ast-hfb-mobile-header-display":"","site-post-title":"disabled","ast-breadcrumbs-content":"","ast-featured-img":"disabled","footer-sml-layout":"","ast-disable-related-posts":"","theme-transparent-header-meta":"default","adv-header-id-meta":"","stick-header-meta":"","header-above-stick-meta":"","header-main-stick-meta":"","header-below-stick-meta":"","astra-migrate-meta-layouts":"default","ast-page-background-enabled":"default","ast-page-background-meta":{"desktop":{"background-color":"","background-image":"","background-repeat":"repeat","background-position":"center center","background-size":"auto","background-attachment":"scroll","background-type":"","background-media":"","overlay-type":"","overlay-color":"","overlay-opacity":"","overlay-gradient":""},"tablet":{"background-color":"","background-image":"","background-repeat":"repeat","background-position":"center center","background-size":"auto","background-attachment":"scroll","background-type":"","background-media":"","overlay-type":"","overlay-color":"","overlay-opacity":"","overlay-gradient":""},"mobile":{"background-color":"","background-image":"","background-repeat":"repeat","background-position":"center center","background-size":"auto","background-attachment":"scroll","background-type":"","background-media":"","overlay-type":"","overlay-color":"","overlay-opacity":"","overlay-gradient":""}},"ast-content-background-meta":{"desktop":{"background-color":"var(--ast-global-color-5)","background-image":"","background-repeat":"repeat","background-position":"center center","background-size":"auto","background-attachment":"scroll","background-type":"","background-media":"","overlay-type":"","overlay-color":"","overlay-opacity":"","overlay-gradient":""},"tablet":{"background-color":"var(--ast-global-color-5)","background-image":"","background-repeat":"repeat","background-position":"center center","background-size":"auto","background-attachment":"scroll","background-type":"","background-media":"","overlay-type":"","overlay-color":"","overlay-opacity":"","overlay-gradient":""},"mobile":{"background-color":"var(--ast-global-color-5)","background-image":"","background-repeat":"repeat","background-position":"center center","background-size":"auto","background-attachment":"scroll","background-type":"","background-media":"","overlay-type":"","overlay-color":"","overlay-opacity":"","overlay-gradient":""}},"footnotes":""},"class_list":["post-879","page","type-page","status-publish","hentry"],"yoast_head":"<!-- This site is optimized with the Yoast SEO plugin v27.4 - https:\/\/yoast.com\/product\/yoast-seo-wordpress\/ -->\n<title>Plantillas - CMMoST 2021 - 6\u00aa Conferencia Internacional sobre Modelos Mec\u00e1nicos en Ingenier\u00eda Estructural<\/title>\n<meta name=\"robots\" content=\"index, follow, max-snippet:-1, max-image-preview:large, max-video-preview:-1\" \/>\n<link rel=\"canonical\" href=\"https:\/\/www.cmmost21.uva.es\/en\/plantillas\/\" \/>\n<meta property=\"og:locale\" content=\"en_GB\" \/>\n<meta property=\"og:type\" content=\"article\" \/>\n<meta property=\"og:title\" content=\"Plantillas - CMMoST 2021 - 6\u00aa Conferencia Internacional sobre Modelos Mec\u00e1nicos en Ingenier\u00eda Estructural\" \/>\n<meta property=\"og:description\" content=\"Plantillas Aqu\u00ed pueden obtenerse las plantillas a seguir para res\u00famenes extendidos y art\u00edculos. Todos los documentos ser\u00e1n entregados online, utilizando la plataforma habilitada al efecto. Por favor, no olvide comprobar las fechas l\u00edmite establecidas, as\u00ed como las instrucciones desarrolladas a modo de tutorial para llevar a cabo los distintos procesos. Plantilla del resumen extendido (Espa\u00f1ol) [&hellip;]\" \/>\n<meta property=\"og:url\" content=\"https:\/\/www.cmmost21.uva.es\/en\/plantillas\/\" \/>\n<meta property=\"og:site_name\" content=\"CMMoST 2021 - 6\u00aa Conferencia Internacional sobre Modelos Mec\u00e1nicos en Ingenier\u00eda Estructural\" \/>\n<meta property=\"article:modified_time\" content=\"2021-04-26T06:38:21+00:00\" \/>\n<meta name=\"twitter:card\" content=\"summary_large_image\" \/>\n<meta name=\"twitter:label1\" content=\"Estimated reading time\" \/>\n\t<meta name=\"twitter:data1\" content=\"1 minute\" \/>\n<script type=\"application\/ld+json\" class=\"yoast-schema-graph\">{\"@context\":\"https:\\\/\\\/schema.org\",\"@graph\":[{\"@type\":\"WebPage\",\"@id\":\"https:\\\/\\\/www.cmmost21.uva.es\\\/plantillas\\\/\",\"url\":\"https:\\\/\\\/www.cmmost21.uva.es\\\/plantillas\\\/\",\"name\":\"Plantillas - CMMoST 2021 - 6\u00aa Conferencia Internacional sobre Modelos Mec\u00e1nicos en Ingenier\u00eda Estructural\",\"isPartOf\":{\"@id\":\"https:\\\/\\\/www.cmmost21.uva.es\\\/#website\"},\"datePublished\":\"2021-03-16T08:29:26+00:00\",\"dateModified\":\"2021-04-26T06:38:21+00:00\",\"breadcrumb\":{\"@id\":\"https:\\\/\\\/www.cmmost21.uva.es\\\/plantillas\\\/#breadcrumb\"},\"inLanguage\":\"en-GB\",\"potentialAction\":[{\"@type\":\"ReadAction\",\"target\":[\"https:\\\/\\\/www.cmmost21.uva.es\\\/plantillas\\\/\"]}]},{\"@type\":\"BreadcrumbList\",\"@id\":\"https:\\\/\\\/www.cmmost21.uva.es\\\/plantillas\\\/#breadcrumb\",\"itemListElement\":[{\"@type\":\"ListItem\",\"position\":1,\"name\":\"Portada\",\"item\":\"https:\\\/\\\/www.cmmost21.uva.es\\\/\"},{\"@type\":\"ListItem\",\"position\":2,\"name\":\"Plantillas\"}]},{\"@type\":\"WebSite\",\"@id\":\"https:\\\/\\\/www.cmmost21.uva.es\\\/#website\",\"url\":\"https:\\\/\\\/www.cmmost21.uva.es\\\/\",\"name\":\"CMMoST21\",\"description\":\"CMMoST 2021\",\"publisher\":{\"@id\":\"https:\\\/\\\/www.cmmost21.uva.es\\\/#organization\"},\"potentialAction\":[{\"@type\":\"SearchAction\",\"target\":{\"@type\":\"EntryPoint\",\"urlTemplate\":\"https:\\\/\\\/www.cmmost21.uva.es\\\/?s={search_term_string}\"},\"query-input\":{\"@type\":\"PropertyValueSpecification\",\"valueRequired\":true,\"valueName\":\"search_term_string\"}}],\"inLanguage\":\"en-GB\"},{\"@type\":\"Organization\",\"@id\":\"https:\\\/\\\/www.cmmost21.uva.es\\\/#organization\",\"name\":\"CMMoST21\",\"url\":\"https:\\\/\\\/www.cmmost21.uva.es\\\/\",\"logo\":{\"@type\":\"ImageObject\",\"inLanguage\":\"en-GB\",\"@id\":\"https:\\\/\\\/www.cmmost21.uva.es\\\/#\\\/schema\\\/logo\\\/image\\\/\",\"url\":\"https:\\\/\\\/www.cmmost21.uva.es\\\/wp-content\\\/uploads\\\/2021\\\/03\\\/cropped-cropped-logo21.jpg\",\"contentUrl\":\"https:\\\/\\\/www.cmmost21.uva.es\\\/wp-content\\\/uploads\\\/2021\\\/03\\\/cropped-cropped-logo21.jpg\",\"width\":1368,\"height\":290,\"caption\":\"CMMoST21\"},\"image\":{\"@id\":\"https:\\\/\\\/www.cmmost21.uva.es\\\/#\\\/schema\\\/logo\\\/image\\\/\"}}]}<\/script>\n<!-- \/ Yoast SEO plugin. -->","yoast_head_json":{"title":"Plantillas - CMMoST 2021 - 6\u00aa Conferencia Internacional sobre Modelos Mec\u00e1nicos en Ingenier\u00eda Estructural","robots":{"index":"index","follow":"follow","max-snippet":"max-snippet:-1","max-image-preview":"max-image-preview:large","max-video-preview":"max-video-preview:-1"},"canonical":"https:\/\/www.cmmost21.uva.es\/en\/plantillas\/","og_locale":"en_GB","og_type":"article","og_title":"Plantillas - CMMoST 2021 - 6\u00aa Conferencia Internacional sobre Modelos Mec\u00e1nicos en Ingenier\u00eda Estructural","og_description":"Plantillas Aqu\u00ed pueden obtenerse las plantillas a seguir para res\u00famenes extendidos y art\u00edculos. Todos los documentos ser\u00e1n entregados online, utilizando la plataforma habilitada al efecto. Por favor, no olvide comprobar las fechas l\u00edmite establecidas, as\u00ed como las instrucciones desarrolladas a modo de tutorial para llevar a cabo los distintos procesos. Plantilla del resumen extendido (Espa\u00f1ol) [&hellip;]","og_url":"https:\/\/www.cmmost21.uva.es\/en\/plantillas\/","og_site_name":"CMMoST 2021 - 6\u00aa Conferencia Internacional sobre Modelos Mec\u00e1nicos en Ingenier\u00eda Estructural","article_modified_time":"2021-04-26T06:38:21+00:00","twitter_card":"summary_large_image","twitter_misc":{"Estimated reading time":"1 minute"},"schema":{"@context":"https:\/\/schema.org","@graph":[{"@type":"WebPage","@id":"https:\/\/www.cmmost21.uva.es\/plantillas\/","url":"https:\/\/www.cmmost21.uva.es\/plantillas\/","name":"Plantillas - CMMoST 2021 - 6\u00aa Conferencia Internacional sobre Modelos Mec\u00e1nicos en Ingenier\u00eda Estructural","isPartOf":{"@id":"https:\/\/www.cmmost21.uva.es\/#website"},"datePublished":"2021-03-16T08:29:26+00:00","dateModified":"2021-04-26T06:38:21+00:00","breadcrumb":{"@id":"https:\/\/www.cmmost21.uva.es\/plantillas\/#breadcrumb"},"inLanguage":"en-GB","potentialAction":[{"@type":"ReadAction","target":["https:\/\/www.cmmost21.uva.es\/plantillas\/"]}]},{"@type":"BreadcrumbList","@id":"https:\/\/www.cmmost21.uva.es\/plantillas\/#breadcrumb","itemListElement":[{"@type":"ListItem","position":1,"name":"Portada","item":"https:\/\/www.cmmost21.uva.es\/"},{"@type":"ListItem","position":2,"name":"Plantillas"}]},{"@type":"WebSite","@id":"https:\/\/www.cmmost21.uva.es\/#website","url":"https:\/\/www.cmmost21.uva.es\/","name":"CMMoST21","description":"CMMoST 2021","publisher":{"@id":"https:\/\/www.cmmost21.uva.es\/#organization"},"potentialAction":[{"@type":"SearchAction","target":{"@type":"EntryPoint","urlTemplate":"https:\/\/www.cmmost21.uva.es\/?s={search_term_string}"},"query-input":{"@type":"PropertyValueSpecification","valueRequired":true,"valueName":"search_term_string"}}],"inLanguage":"en-GB"},{"@type":"Organization","@id":"https:\/\/www.cmmost21.uva.es\/#organization","name":"CMMoST21","url":"https:\/\/www.cmmost21.uva.es\/","logo":{"@type":"ImageObject","inLanguage":"en-GB","@id":"https:\/\/www.cmmost21.uva.es\/#\/schema\/logo\/image\/","url":"https:\/\/www.cmmost21.uva.es\/wp-content\/uploads\/2021\/03\/cropped-cropped-logo21.jpg","contentUrl":"https:\/\/www.cmmost21.uva.es\/wp-content\/uploads\/2021\/03\/cropped-cropped-logo21.jpg","width":1368,"height":290,"caption":"CMMoST21"},"image":{"@id":"https:\/\/www.cmmost21.uva.es\/#\/schema\/logo\/image\/"}}]}},"_links":{"self":[{"href":"https:\/\/www.cmmost21.uva.es\/en\/wp-json\/wp\/v2\/pages\/879","targetHints":{"allow":["GET"]}}],"collection":[{"href":"https:\/\/www.cmmost21.uva.es\/en\/wp-json\/wp\/v2\/pages"}],"about":[{"href":"https:\/\/www.cmmost21.uva.es\/en\/wp-json\/wp\/v2\/types\/page"}],"author":[{"embeddable":true,"href":"https:\/\/www.cmmost21.uva.es\/en\/wp-json\/wp\/v2\/users\/1"}],"replies":[{"embeddable":true,"href":"https:\/\/www.cmmost21.uva.es\/en\/wp-json\/wp\/v2\/comments?post=879"}],"version-history":[{"count":37,"href":"https:\/\/www.cmmost21.uva.es\/en\/wp-json\/wp\/v2\/pages\/879\/revisions"}],"predecessor-version":[{"id":1335,"href":"https:\/\/www.cmmost21.uva.es\/en\/wp-json\/wp\/v2\/pages\/879\/revisions\/1335"}],"wp:attachment":[{"href":"https:\/\/www.cmmost21.uva.es\/en\/wp-json\/wp\/v2\/media?parent=879"}],"curies":[{"name":"wp","href":"https:\/\/api.w.org\/{rel}","templated":true}]}}